{"id":133,"date":"2021-12-05T16:49:44","date_gmt":"2021-12-05T15:49:44","guid":{"rendered":"http:\/\/www.aazinfo.fr\/?page_id=133"},"modified":"2021-12-05T16:49:44","modified_gmt":"2021-12-05T15:49:44","slug":"sites-vitrine","status":"publish","type":"page","link":"https:\/\/www.aazinfo.fr\/index.php\/sites-vitrine\/","title":{"rendered":"Sites vitrine"},"content":{"rendered":"\n<p>R\u00e9alisation de sites vous permettant en un minimum de pages de pr\u00e9senter votre activit\u00e9 et vos tarifs.<\/p>\n","protected":false},"excerpt":{"rendered":"<p>R\u00e9alisation de sites vous permettant en un minimum de pages de pr\u00e9senter votre activit\u00e9 et vos tarifs.<\/p>\n","protected":false},"author":1,"featured_media":0,"parent":0,"menu_order":0,"comment_status":"closed","ping_status":"closed","template":"","meta":[],"_links":{"self":[{"href":"https:\/\/www.aazinfo.fr\/index.php\/wp-json\/wp\/v2\/pages\/133"}],"collection":[{"href":"https:\/\/www.aazinfo.fr\/index.php\/wp-json\/wp\/v2\/pages"}],"about":[{"href":"https:\/\/www.aazinfo.fr\/index.php\/wp-json\/wp\/v2\/types\/page"}],"author":[{"embeddable":true,"href":"https:\/\/www.aazinfo.fr\/index.php\/wp-json\/wp\/v2\/users\/1"}],"replies":[{"embeddable":true,"href":"https:\/\/www.aazinfo.fr\/index.php\/wp-json\/wp\/v2\/comments?post=133"}],"version-history":[{"count":1,"href":"https:\/\/www.aazinfo.fr\/index.php\/wp-json\/wp\/v2\/pages\/133\/revisions"}],"predecessor-version":[{"id":134,"href":"https:\/\/www.aazinfo.fr\/index.php\/wp-json\/wp\/v2\/pages\/133\/revisions\/134"}],"wp:attachment":[{"href":"https:\/\/www.aazinfo.fr\/index.php\/wp-json\/wp\/v2\/media?parent=133"}],"curies":[{"name":"wp","href":"https:\/\/api.w.org\/{rel}","templated":true}]}}